{"id":1757,"date":"2023-08-20T11:57:41","date_gmt":"2023-08-20T11:57:41","guid":{"rendered":"https:\/\/jenomajor.com\/shop\/?post_type=product&#038;p=1757"},"modified":"2025-09-17T18:34:32","modified_gmt":"2025-09-17T18:34:32","slug":"archaic","status":"publish","type":"product","link":"https:\/\/jenomajor.com\/shop\/product\/archaic\/","title":{"rendered":"Archaic"},"content":{"rendered":"<div class=\"elementor-column elementor-col-50 elementor-inner-column elementor-element elementor-element-82fbcd7\" data-id=\"82fbcd7\" data-element_type=\"column\">\n<div class=\"elementor-widget-wrap elementor-element-populated\">\n<div class=\"elementor-element elementor-element-3519181 elementor-widget elementor-widget-text-editor\" data-id=\"3519181\" data-element_type=\"widget\" data-widget_type=\"text-editor.default\">\n<div class=\"elementor-widget-container\">\n<p class=\"p1\">Volumul Archaic s-a n\u0103scut \u00een urma mai multor ani de peregrin\u0103ri prin satele \u0219i coclaurile Rom\u00e2niei, \u00een c\u0103utarea luminii perfecte sau a peisajului ideal. Archaic se vrea a fi un album de fotografie etnografic\u0103 \u0219i de peisaj, o e\u0219en\u021b\u0103 a ceea ce \u00eenseamn\u0103 via\u021ba satului rom\u00e2nesc, \u00eencerc\u00e2nd s\u0103 integrez \u00een el<span class=\"Apple-converted-space\">\u00a0\u00a0<\/span>mici fr\u00e2nturi din via\u021ba rural\u0103 rom\u00e2neasc\u0103, cu \u00eendeletnicirile \u021b\u0103ranului rom\u00e2n din via\u021ba lui de zi cu zi, \u0219i rela\u021bia ancestral\u0103 cu animalele lui \u0219i cu natura. V\u0103 invit \u00eentr-o lume<span class=\"Apple-converted-space\">\u00a0\u00a0<\/span>simpl\u0103 \u0219i curat\u0103 ca sufletul fiec\u0103rui \u021b\u0103ran rom\u00e2n , lume care \u00eencet, \u00eencet se va pierde \u00een negura timpului!<\/p>\n<\/div>\n<\/div>\n<\/div>\n<\/div>\n<div class=\"elementor-column elementor-col-50 elementor-inner-column elementor-element elementor-element-5de5938\" data-id=\"5de5938\" data-element_type=\"column\">\n<div class=\"elementor-widget-wrap elementor-element-populated\">\n<div class=\"elementor-element elementor-element-5a3a3a8 elementor-widget elementor-widget-text-editor\" data-id=\"5a3a3a8\" data-element_type=\"widget\" data-widget_type=\"text-editor.default\">\n<div class=\"elementor-widget-container\">\n<p>The Book \u201dArchaic\u201d\u00a0 was born after several years of wanderings through the villages and hills of Romania, in search of the perfect light or the ideal landscape. Archaic is meant to be an album of ethnographic and landscape photography, an essence of what life in the Romanian village means, trying to integrate in it small fragments of Romanian rural life, with the occupations of the Romanian peasant in his day-to-day life, and the ancestral relationship with his animals and nature. I invite you into a simple and clean world like the soul of every Romanian peasant, a world that slowly, slowly will be lost in the fog of time!<\/p>\n<\/div>\n<\/div>\n<\/div>\n<\/div>\n","protected":false},"excerpt":{"rendered":"<p>Book &#8211; Hardcover &#8211; 140 Photographs, 12 pages of text<\/p>\n<p>The Book \u201dArchaic\u201d\u00a0 was born after several years of wanderings through the villages and hills of Romania, in search of the perfect light or the ideal landscape. Archaic is meant to be an album of ethnographic and landscape photography, an essence of what life in the Romanian village means, trying to integrate in it small fragments of Romanian rural life, with the occupations of the Romanian peasant in his day-to-day life, and the ancestral relationship with his animals and nature. I invite you into a simple and clean world like the soul of every Romanian peasant, a world that slowly, slowly will be lost in the fog of time!<\/p>\n<h3><strong><em>For now the book will only be shipped to Romania. If you are interested from abroad, please contact me personally by email: <a href=\"mailto:shop@jenomajor.com\">shop@jenomajor.com<\/a><\/em><\/strong><\/h3>\n","protected":false},"featured_media":1856,"comment_status":"open","ping_status":"closed","template":"","meta":[],"product_brand":[],"product_cat":[28],"product_tag":[],"class_list":{"0":"post-1757","1":"product","2":"type-product","3":"status-publish","4":"has-post-thumbnail","6":"product_cat-landscapes","8":"first","9":"outofstock","10":"shipping-taxable","11":"purchasable","12":"product-type-simple"},"_links":{"self":[{"href":"https:\/\/jenomajor.com\/shop\/wp-json\/wp\/v2\/product\/1757","targetHints":{"allow":["GET"]}}],"collection":[{"href":"https:\/\/jenomajor.com\/shop\/wp-json\/wp\/v2\/product"}],"about":[{"href":"https:\/\/jenomajor.com\/shop\/wp-json\/wp\/v2\/types\/product"}],"replies":[{"embeddable":true,"href":"https:\/\/jenomajor.com\/shop\/wp-json\/wp\/v2\/comments?post=1757"}],"wp:featuredmedia":[{"embeddable":true,"href":"https:\/\/jenomajor.com\/shop\/wp-json\/wp\/v2\/media\/1856"}],"wp:attachment":[{"href":"https:\/\/jenomajor.com\/shop\/wp-json\/wp\/v2\/media?parent=1757"}],"wp:term":[{"taxonomy":"product_brand","embeddable":true,"href":"https:\/\/jenomajor.com\/shop\/wp-json\/wp\/v2\/product_brand?post=1757"},{"taxonomy":"product_cat","embeddable":true,"href":"https:\/\/jenomajor.com\/shop\/wp-json\/wp\/v2\/product_cat?post=1757"},{"taxonomy":"product_tag","embeddable":true,"href":"https:\/\/jenomajor.com\/shop\/wp-json\/wp\/v2\/product_tag?post=1757"}],"curies":[{"name":"wp","href":"https:\/\/api.w.org\/{rel}","templated":true}]}}