{"id":2384,"date":"2025-09-17T16:36:49","date_gmt":"2025-09-17T16:36:49","guid":{"rendered":"https:\/\/jenomajor.com\/shop\/?page_id=2384"},"modified":"2026-02-07T22:46:06","modified_gmt":"2026-02-07T22:46:06","slug":"about","status":"publish","type":"page","link":"https:\/\/jenomajor.com\/shop\/about\/","title":{"rendered":"about"},"content":{"rendered":"\t\t<div data-elementor-type=\"wp-page\" data-elementor-id=\"2384\" class=\"elementor elementor-2384\" data-elementor-post-type=\"page\">\n\t\t\t\t\t\t<section class=\"elementor-section elementor-top-section elementor-element elementor-element-c717155 elementor-section-full_width elementor-section-height-default elementor-section-height-default\" data-id=\"c717155\" data-element_type=\"section\" data-settings=\"{&quot;background_background&quot;:&quot;classic&quot;}\">\n\t\t\t\t\t\t<div class=\"elementor-container elementor-column-gap-default\">\n\t\t\t\t\t<div class=\"elementor-column elementor-col-100 elementor-top-column elementor-element elementor-element-6ce02fa\" data-id=\"6ce02fa\" data-element_type=\"column\">\n\t\t\t<div class=\"elementor-widget-wrap elementor-element-populated\">\n\t\t\t\t\t\t<section class=\"elementor-section elementor-inner-section elementor-element elementor-element-f3f4c5f elementor-section-boxed elementor-section-height-default elementor-section-height-default\" data-id=\"f3f4c5f\" data-element_type=\"section\">\n\t\t\t\t\t\t<div class=\"elementor-container elementor-column-gap-no\">\n\t\t\t\t\t<div class=\"elementor-column elementor-col-50 elementor-inner-column elementor-element elementor-element-c3e4666\" data-id=\"c3e4666\" data-element_type=\"column\">\n\t\t\t<div class=\"elementor-widget-wrap elementor-element-populated\">\n\t\t\t\t\t\t<div class=\"elementor-element elementor-element-ec14e1e elementor-widget elementor-widget-image\" data-id=\"ec14e1e\" data-element_type=\"widget\" data-widget_type=\"image.default\">\n\t\t\t\t<div class=\"elementor-widget-container\">\n\t\t\t\t\t\t\t\t\t\t\t\t\t\t\t<img loading=\"lazy\" decoding=\"async\" width=\"734\" height=\"1024\" src=\"https:\/\/jenomajor.com\/shop\/wp-content\/uploads\/2025\/09\/Jean-cu-aparat-734x1024.jpg\" class=\"attachment-large size-large wp-image-2361\" alt=\"\" srcset=\"https:\/\/jenomajor.com\/shop\/wp-content\/uploads\/2025\/09\/Jean-cu-aparat-734x1024.jpg 734w, https:\/\/jenomajor.com\/shop\/wp-content\/uploads\/2025\/09\/Jean-cu-aparat-215x300.jpg 215w, https:\/\/jenomajor.com\/shop\/wp-content\/uploads\/2025\/09\/Jean-cu-aparat-768x1071.jpg 768w, https:\/\/jenomajor.com\/shop\/wp-content\/uploads\/2025\/09\/Jean-cu-aparat-300x418.jpg 300w, https:\/\/jenomajor.com\/shop\/wp-content\/uploads\/2025\/09\/Jean-cu-aparat-600x837.jpg 600w, https:\/\/jenomajor.com\/shop\/wp-content\/uploads\/2025\/09\/Jean-cu-aparat.jpg 979w\" sizes=\"auto, (max-width: 734px) 100vw, 734px\" \/>\t\t\t\t\t\t\t\t\t\t\t\t\t\t\t<\/div>\n\t\t\t\t<\/div>\n\t\t\t\t\t<\/div>\n\t\t<\/div>\n\t\t\t\t<div class=\"elementor-column elementor-col-50 elementor-inner-column elementor-element elementor-element-c602299\" data-id=\"c602299\" data-element_type=\"column\">\n\t\t\t<div class=\"elementor-widget-wrap elementor-element-populated\">\n\t\t\t\t\t\t<div class=\"elementor-element elementor-element-7191684 elementor-widget elementor-widget-heading\" data-id=\"7191684\" data-element_type=\"widget\" data-widget_type=\"heading.default\">\n\t\t\t\t<div class=\"elementor-widget-container\">\n\t\t\t\t\t<h2 class=\"elementor-heading-title elementor-size-default\">About me<\/h2>\t\t\t\t<\/div>\n\t\t\t\t<\/div>\n\t\t\t\t<div class=\"elementor-element elementor-element-8ba4706 elementor-widget-divider--view-line elementor-widget elementor-widget-divider\" data-id=\"8ba4706\" data-element_type=\"widget\" data-widget_type=\"divider.default\">\n\t\t\t\t<div class=\"elementor-widget-container\">\n\t\t\t\t\t\t\t<div class=\"elementor-divider\">\n\t\t\t<span class=\"elementor-divider-separator\">\n\t\t\t\t\t\t<\/span>\n\t\t<\/div>\n\t\t\t\t\t\t<\/div>\n\t\t\t\t<\/div>\n\t\t\t\t<div class=\"elementor-element elementor-element-13946cf elementor-widget elementor-widget-text-editor\" data-id=\"13946cf\" data-element_type=\"widget\" data-widget_type=\"text-editor.default\">\n\t\t\t\t<div class=\"elementor-widget-container\">\n\t\t\t\t\t\t\t\t\t<p>I am a passionate landscape photographer who believes that nature is the best and most perfect architect of beauty. That is why I spend most of my spare time traveling, searching the most beautiful sights and most unspoilt places. Such places are still abundant in my beautiful country of birth Romania. I am delighted each time to be able to capture a unique image, created by nature, and I am also trying to capture the still archaic and therefore beautiful village life in rural Romania.<br \/>You can read an interview whit me\u00a0<a class=\"interview-link\" href=\"https:\/\/jenomajor.com\/Interview.html\" target=\"_blank\" rel=\"noopener\">here<\/a>.<br \/>Po\u021bi citi un interviu cu mine \u00een limba rom\u00e2n\u0103\u00a0<a class=\"interview-link\" href=\"https:\/\/jenomajor.com\/Interviu.html\" target=\"_blank\" rel=\"noopener\">aici<\/a>.<\/p>\t\t\t\t\t\t\t\t<\/div>\n\t\t\t\t<\/div>\n\t\t\t\t\t<\/div>\n\t\t<\/div>\n\t\t\t\t\t<\/div>\n\t\t<\/section>\n\t\t\t\t<div class=\"elementor-element elementor-element-5836b45 elementor-widget elementor-widget-menu-anchor\" data-id=\"5836b45\" data-element_type=\"widget\" data-widget_type=\"menu-anchor.default\">\n\t\t\t\t<div class=\"elementor-widget-container\">\n\t\t\t\t\t\t\t<div class=\"elementor-menu-anchor\" id=\"documentary\"><\/div>\n\t\t\t\t\t\t<\/div>\n\t\t\t\t<\/div>\n\t\t\t\t<section class=\"elementor-section elementor-inner-section elementor-element elementor-element-7355c67 elementor-section-boxed elementor-section-height-default elementor-section-height-default\" data-id=\"7355c67\" data-element_type=\"section\">\n\t\t\t\t\t\t<div class=\"elementor-container elementor-column-gap-no\">\n\t\t\t\t\t<div class=\"elementor-column elementor-col-100 elementor-inner-column elementor-element elementor-element-e23ec3d\" data-id=\"e23ec3d\" data-element_type=\"column\">\n\t\t\t<div class=\"elementor-widget-wrap elementor-element-populated\">\n\t\t\t\t\t\t<div class=\"elementor-element elementor-element-b38e707 elementor-widget elementor-widget-heading\" data-id=\"b38e707\" data-element_type=\"widget\" data-widget_type=\"heading.default\">\n\t\t\t\t<div class=\"elementor-widget-container\">\n\t\t\t\t\t<h2 class=\"elementor-heading-title elementor-size-default\">Documentary<\/h2>\t\t\t\t<\/div>\n\t\t\t\t<\/div>\n\t\t\t\t<div class=\"elementor-element elementor-element-4978095 elementor-widget elementor-widget-heading\" data-id=\"4978095\" data-element_type=\"widget\" data-widget_type=\"heading.default\">\n\t\t\t\t<div class=\"elementor-widget-container\">\n\t\t\t\t\t<h2 class=\"elementor-heading-title elementor-size-default\">Nu sunt singur - I'm not alone<\/h2>\t\t\t\t<\/div>\n\t\t\t\t<\/div>\n\t\t\t\t<div class=\"elementor-element elementor-element-8392485 elementor-widget-divider--view-line elementor-widget elementor-widget-divider\" data-id=\"8392485\" data-element_type=\"widget\" data-widget_type=\"divider.default\">\n\t\t\t\t<div class=\"elementor-widget-container\">\n\t\t\t\t\t\t\t<div class=\"elementor-divider\">\n\t\t\t<span class=\"elementor-divider-separator\">\n\t\t\t\t\t\t<\/span>\n\t\t<\/div>\n\t\t\t\t\t\t<\/div>\n\t\t\t\t<\/div>\n\t\t\t\t\t<\/div>\n\t\t<\/div>\n\t\t\t\t\t<\/div>\n\t\t<\/section>\n\t\t\t\t<section class=\"elementor-section elementor-inner-section elementor-element elementor-element-389026f elementor-section-content-middle elementor-reverse-tablet elementor-reverse-mobile elementor-section-boxed elementor-section-height-default elementor-section-height-default\" data-id=\"389026f\" data-element_type=\"section\">\n\t\t\t\t\t\t<div class=\"elementor-container elementor-column-gap-no\">\n\t\t\t\t\t<div class=\"elementor-column elementor-col-50 elementor-inner-column elementor-element elementor-element-33bfd9b\" data-id=\"33bfd9b\" data-element_type=\"column\">\n\t\t\t<div class=\"elementor-widget-wrap elementor-element-populated\">\n\t\t\t\t\t\t<div class=\"elementor-element elementor-element-869e20a elementor-widget__width-initial elementor-widget elementor-widget-text-editor\" data-id=\"869e20a\" data-element_type=\"widget\" data-widget_type=\"text-editor.default\">\n\t\t\t\t<div class=\"elementor-widget-container\">\n\t\t\t\t\t\t\t\t\t<p>Lorem ipsum dolor sit amet, consectetur adipiscing elit. Ut elit tellus, luctus nec ullamcorper mattis, pulvinar dapibus leo.Lorem ipsum dolor sit amet, consectetur adipiscing elit. Ut elit tellus, luctus nec ullamcorper mattis, pulvinar dapibus leo.Lorem ipsum dolor sit amet, consectetur adipiscing elit. Ut elit tellus, luctus nec ullamcorper mattis, pulvinar dapibus leo.Lorem ipsum dolor sit amet, consectetur adipiscing elit. Ut elit tellus, luctus nec ullamcorper mattis, pulvinar dapibus leo.<\/p>\t\t\t\t\t\t\t\t<\/div>\n\t\t\t\t<\/div>\n\t\t\t\t\t<\/div>\n\t\t<\/div>\n\t\t\t\t<div class=\"elementor-column elementor-col-50 elementor-inner-column elementor-element elementor-element-0fd9980\" data-id=\"0fd9980\" data-element_type=\"column\">\n\t\t\t<div class=\"elementor-widget-wrap elementor-element-populated\">\n\t\t\t\t\t\t<div class=\"elementor-element elementor-element-e3d1b3a elementor-widget elementor-widget-video\" data-id=\"e3d1b3a\" data-element_type=\"widget\" data-settings=\"{&quot;show_image_overlay&quot;:&quot;yes&quot;,&quot;image_overlay&quot;:{&quot;url&quot;:&quot;https:\\\/\\\/jenomajor.com\\\/shop\\\/wp-content\\\/uploads\\\/2025\\\/09\\\/NU-SUNT-SINGUR.jpg&quot;,&quot;id&quot;:2342,&quot;size&quot;:&quot;&quot;,&quot;alt&quot;:&quot;&quot;,&quot;source&quot;:&quot;library&quot;},&quot;lightbox&quot;:&quot;yes&quot;,&quot;video_type&quot;:&quot;hosted&quot;,&quot;controls&quot;:&quot;yes&quot;}\" data-widget_type=\"video.default\">\n\t\t\t\t<div class=\"elementor-widget-container\">\n\t\t\t\t\t\t\t<div class=\"e-hosted-video elementor-wrapper elementor-open-lightbox\">\n\t\t\t\t\t\t\t<div class=\"elementor-custom-embed-image-overlay\" data-elementor-open-lightbox=\"yes\" data-elementor-lightbox=\"{&quot;type&quot;:&quot;video&quot;,&quot;videoType&quot;:&quot;hosted&quot;,&quot;url&quot;:&quot;https:\\\/\\\/jenomajor.com\\\/video\\\/Nu-sunt-singur-eng.small.mp4&quot;,&quot;autoplay&quot;:&quot;&quot;,&quot;modalOptions&quot;:{&quot;id&quot;:&quot;elementor-lightbox-e3d1b3a&quot;,&quot;entranceAnimation&quot;:&quot;&quot;,&quot;entranceAnimation_tablet&quot;:&quot;&quot;,&quot;entranceAnimation_mobile&quot;:&quot;&quot;,&quot;videoAspectRatio&quot;:&quot;169&quot;},&quot;videoParams&quot;:{&quot;controls&quot;:&quot;&quot;,&quot;preload&quot;:&quot;metadata&quot;,&quot;controlsList&quot;:&quot;nodownload&quot;}}\" data-e-action-hash=\"#elementor-action%3Aaction%3Dlightbox%26settings%3DeyJ0eXBlIjoidmlkZW8iLCJ2aWRlb1R5cGUiOiJob3N0ZWQiLCJ1cmwiOiJodHRwczpcL1wvamVub21ham9yLmNvbVwvdmlkZW9cL051LXN1bnQtc2luZ3VyLWVuZy5zbWFsbC5tcDQiLCJhdXRvcGxheSI6IiIsIm1vZGFsT3B0aW9ucyI6eyJpZCI6ImVsZW1lbnRvci1saWdodGJveC1lM2QxYjNhIiwiZW50cmFuY2VBbmltYXRpb24iOiIiLCJlbnRyYW5jZUFuaW1hdGlvbl90YWJsZXQiOiIiLCJlbnRyYW5jZUFuaW1hdGlvbl9tb2JpbGUiOiIiLCJ2aWRlb0FzcGVjdFJhdGlvIjoiMTY5In0sInZpZGVvUGFyYW1zIjp7ImNvbnRyb2xzIjoiIiwicHJlbG9hZCI6Im1ldGFkYXRhIiwiY29udHJvbHNMaXN0Ijoibm9kb3dubG9hZCJ9fQ%3D%3D\">\n\t\t\t\t\t\t\t\t\t\t\t<img loading=\"lazy\" decoding=\"async\" width=\"2588\" height=\"1308\" src=\"https:\/\/jenomajor.com\/shop\/wp-content\/uploads\/2025\/09\/NU-SUNT-SINGUR.jpg\" class=\"attachment-full size-full wp-image-2342\" alt=\"\" srcset=\"https:\/\/jenomajor.com\/shop\/wp-content\/uploads\/2025\/09\/NU-SUNT-SINGUR.jpg 2588w, https:\/\/jenomajor.com\/shop\/wp-content\/uploads\/2025\/09\/NU-SUNT-SINGUR-300x152.jpg 300w, https:\/\/jenomajor.com\/shop\/wp-content\/uploads\/2025\/09\/NU-SUNT-SINGUR-1024x518.jpg 1024w, https:\/\/jenomajor.com\/shop\/wp-content\/uploads\/2025\/09\/NU-SUNT-SINGUR-768x388.jpg 768w, https:\/\/jenomajor.com\/shop\/wp-content\/uploads\/2025\/09\/NU-SUNT-SINGUR-1536x776.jpg 1536w, https:\/\/jenomajor.com\/shop\/wp-content\/uploads\/2025\/09\/NU-SUNT-SINGUR-2048x1035.jpg 2048w, https:\/\/jenomajor.com\/shop\/wp-content\/uploads\/2025\/09\/NU-SUNT-SINGUR-600x303.jpg 600w\" sizes=\"auto, (max-width: 2588px) 100vw, 2588px\" \/>\t\t\t\t\t\t\t\t\t\t\t\t\t\t\t\t<div class=\"elementor-custom-embed-play\" role=\"button\" aria-label=\"Play Video\" tabindex=\"0\">\n\t\t\t\t\t\t\t<i aria-hidden=\"true\" class=\"eicon-play\"><\/i>\t\t\t\t\t\t<\/div>\n\t\t\t\t\t\t\t\t\t<\/div>\n\t\t\t\t\t<\/div>\n\t\t\t\t\t\t<\/div>\n\t\t\t\t<\/div>\n\t\t\t\t\t<\/div>\n\t\t<\/div>\n\t\t\t\t\t<\/div>\n\t\t<\/section>\n\t\t\t\t\t<\/div>\n\t\t<\/div>\n\t\t\t\t\t<\/div>\n\t\t<\/section>\n\t\t\t\t<\/div>\n\t\t","protected":false},"excerpt":{"rendered":"<p>About me I am a passionate landscape photographer who believes that nature is the best and most perfect architect of beauty. That is why I spend most of my spare time traveling, searching the most beautiful sights and most unspoilt places. Such places are still abundant in my beautiful country of birth Romania. I am [&hellip;]<\/p>\n","protected":false},"author":1,"featured_media":0,"parent":0,"menu_order":0,"comment_status":"closed","ping_status":"closed","template":"elementor_header_footer","meta":{"footnotes":""},"class_list":["post-2384","page","type-page","status-publish","hentry"],"_links":{"self":[{"href":"https:\/\/jenomajor.com\/shop\/wp-json\/wp\/v2\/pages\/2384","targetHints":{"allow":["GET"]}}],"collection":[{"href":"https:\/\/jenomajor.com\/shop\/wp-json\/wp\/v2\/pages"}],"about":[{"href":"https:\/\/jenomajor.com\/shop\/wp-json\/wp\/v2\/types\/page"}],"author":[{"embeddable":true,"href":"https:\/\/jenomajor.com\/shop\/wp-json\/wp\/v2\/users\/1"}],"replies":[{"embeddable":true,"href":"https:\/\/jenomajor.com\/shop\/wp-json\/wp\/v2\/comments?post=2384"}],"version-history":[{"count":45,"href":"https:\/\/jenomajor.com\/shop\/wp-json\/wp\/v2\/pages\/2384\/revisions"}],"predecessor-version":[{"id":3165,"href":"https:\/\/jenomajor.com\/shop\/wp-json\/wp\/v2\/pages\/2384\/revisions\/3165"}],"wp:attachment":[{"href":"https:\/\/jenomajor.com\/shop\/wp-json\/wp\/v2\/media?parent=2384"}],"curies":[{"name":"wp","href":"https:\/\/api.w.org\/{rel}","templated":true}]}}